{"id":23,"date":"2023-12-13T16:54:06","date_gmt":"2023-12-13T15:54:06","guid":{"rendered":"https:\/\/centre-sesames.ch\/?page_id=23"},"modified":"2025-12-19T19:38:36","modified_gmt":"2025-12-19T18:38:36","slug":"contact","status":"publish","type":"page","link":"https:\/\/centre-sesames.ch\/it\/contact\/","title":{"rendered":"Contatti"},"content":{"rendered":"<h2 class=\"wp-block-heading\">Segreteria dal luned\u00ec al venerd\u00ec, dalle 9:00 alle 12:00.<\/h2>\n\n\n\n<p>Al di fuori di questi orari, potete fissare un appuntamento online, oppure lasciarci un messaggio sulla nostra segreteria telefonica, o ancora compilare il modulo di contatto o scriverci all'indirizzo info@centre-sesames.ch. <a href=\"mailto:info@centre-sesames.ch\">info@centre-sesames.ch<\/a>Vi contatteremo nel pi\u00f9 breve tempo possibile.<\/p>\n\n\n\n<p>Consultate la lista dei nostri centri seguendo <a href=\"https:\/\/centre-sesames.ch\/it\/#centers\">questo link.<\/a>.<\/p>\n\n\n\n<p><\/p>","protected":false},"excerpt":{"rendered":"<p>Segreteria dal luned\u00ec al venerd\u00ec, dalle 9:00 alle 12:00.<\/p>","protected":false},"author":1,"featured_media":0,"parent":0,"menu_order":0,"comment_status":"closed","ping_status":"closed","template":"","meta":{"_acf_changed":false,"footnotes":""},"class_list":["post-23","page","type-page","status-publish","hentry"],"acf":[],"yoast_head":"<!-- This site is optimized with the Yoast SEO plugin v27.3 - https:\/\/yoast.com\/product\/yoast-seo-wordpress\/ -->\n<title>Contact - Centre S\u00e9sames<\/title>\n<meta name=\"robots\" content=\"index, follow, max-snippet:-1, max-image-preview:large, max-video-preview:-1\" \/>\n<link rel=\"canonical\" href=\"https:\/\/centre-sesames.ch\/it\/contact\/\" \/>\n<meta property=\"og:locale\" content=\"it_IT\" \/>\n<meta property=\"og:type\" content=\"article\" \/>\n<meta property=\"og:title\" content=\"Contact - Centre S\u00e9sames\" \/>\n<meta property=\"og:description\" content=\"Secr\u00e9tariat du lundi au vendredi de 9h \u00e0 12h\" \/>\n<meta property=\"og:url\" content=\"https:\/\/centre-sesames.ch\/it\/contact\/\" \/>\n<meta property=\"og:site_name\" content=\"Centre S\u00e9sames\" \/>\n<meta property=\"article:publisher\" content=\"https:\/\/www.facebook.com\/CentreSesames\" \/>\n<meta property=\"article:modified_time\" content=\"2025-12-19T18:38:36+00:00\" \/>\n<meta name=\"twitter:card\" content=\"summary_large_image\" \/>\n<meta name=\"twitter:label1\" content=\"Tempo di lettura stimato\" \/>\n\t<meta name=\"twitter:data1\" content=\"1 minuto\" \/>\n<script type=\"application\/ld+json\" class=\"yoast-schema-graph\">{\"@context\":\"https:\\\/\\\/schema.org\",\"@graph\":[{\"@type\":\"WebPage\",\"@id\":\"https:\\\/\\\/centre-sesames.ch\\\/contact\\\/\",\"url\":\"https:\\\/\\\/centre-sesames.ch\\\/contact\\\/\",\"name\":\"Contact - Centre S\u00e9sames\",\"isPartOf\":{\"@id\":\"https:\\\/\\\/centre-sesames.ch\\\/#website\"},\"datePublished\":\"2023-12-13T15:54:06+00:00\",\"dateModified\":\"2025-12-19T18:38:36+00:00\",\"breadcrumb\":{\"@id\":\"https:\\\/\\\/centre-sesames.ch\\\/contact\\\/#breadcrumb\"},\"inLanguage\":\"it-IT\",\"potentialAction\":[{\"@type\":\"ReadAction\",\"target\":[\"https:\\\/\\\/centre-sesames.ch\\\/contact\\\/\"]}]},{\"@type\":\"BreadcrumbList\",\"@id\":\"https:\\\/\\\/centre-sesames.ch\\\/contact\\\/#breadcrumb\",\"itemListElement\":[{\"@type\":\"ListItem\",\"position\":1,\"name\":\"Accueil\",\"item\":\"https:\\\/\\\/centre-sesames.ch\\\/\"},{\"@type\":\"ListItem\",\"position\":2,\"name\":\"Contact\"}]},{\"@type\":\"WebSite\",\"@id\":\"https:\\\/\\\/centre-sesames.ch\\\/#website\",\"url\":\"https:\\\/\\\/centre-sesames.ch\\\/\",\"name\":\"Centre S\u00e9sames\",\"description\":\"\",\"publisher\":{\"@id\":\"https:\\\/\\\/centre-sesames.ch\\\/#organization\"},\"potentialAction\":[{\"@type\":\"SearchAction\",\"target\":{\"@type\":\"EntryPoint\",\"urlTemplate\":\"https:\\\/\\\/centre-sesames.ch\\\/?s={search_term_string}\"},\"query-input\":{\"@type\":\"PropertyValueSpecification\",\"valueRequired\":true,\"valueName\":\"search_term_string\"}}],\"inLanguage\":\"it-IT\"},{\"@type\":\"Organization\",\"@id\":\"https:\\\/\\\/centre-sesames.ch\\\/#organization\",\"name\":\"Centre S\u00e9sames\",\"url\":\"https:\\\/\\\/centre-sesames.ch\\\/\",\"logo\":{\"@type\":\"ImageObject\",\"inLanguage\":\"it-IT\",\"@id\":\"https:\\\/\\\/centre-sesames.ch\\\/#\\\/schema\\\/logo\\\/image\\\/\",\"url\":\"https:\\\/\\\/centre-sesames.ch\\\/wp-content\\\/uploads\\\/2024\\\/02\\\/logo_sesame.png\",\"contentUrl\":\"https:\\\/\\\/centre-sesames.ch\\\/wp-content\\\/uploads\\\/2024\\\/02\\\/logo_sesame.png\",\"width\":677,\"height\":581,\"caption\":\"Centre S\u00e9sames\"},\"image\":{\"@id\":\"https:\\\/\\\/centre-sesames.ch\\\/#\\\/schema\\\/logo\\\/image\\\/\"},\"sameAs\":[\"https:\\\/\\\/www.facebook.com\\\/CentreSesames\",\"https:\\\/\\\/www.linkedin.com\\\/company\\\/centre-ssames\\\/\"]}]}<\/script>\n<!-- \/ Yoast SEO plugin. -->","yoast_head_json":{"title":"Contact - Centre S\u00e9sames","robots":{"index":"index","follow":"follow","max-snippet":"max-snippet:-1","max-image-preview":"max-image-preview:large","max-video-preview":"max-video-preview:-1"},"canonical":"https:\/\/centre-sesames.ch\/it\/contact\/","og_locale":"it_IT","og_type":"article","og_title":"Contact - Centre S\u00e9sames","og_description":"Secr\u00e9tariat du lundi au vendredi de 9h \u00e0 12h","og_url":"https:\/\/centre-sesames.ch\/it\/contact\/","og_site_name":"Centre S\u00e9sames","article_publisher":"https:\/\/www.facebook.com\/CentreSesames","article_modified_time":"2025-12-19T18:38:36+00:00","twitter_card":"summary_large_image","twitter_misc":{"Tempo di lettura stimato":"1 minuto"},"schema":{"@context":"https:\/\/schema.org","@graph":[{"@type":"WebPage","@id":"https:\/\/centre-sesames.ch\/contact\/","url":"https:\/\/centre-sesames.ch\/contact\/","name":"Contact - Centre S\u00e9sames","isPartOf":{"@id":"https:\/\/centre-sesames.ch\/#website"},"datePublished":"2023-12-13T15:54:06+00:00","dateModified":"2025-12-19T18:38:36+00:00","breadcrumb":{"@id":"https:\/\/centre-sesames.ch\/contact\/#breadcrumb"},"inLanguage":"it-IT","potentialAction":[{"@type":"ReadAction","target":["https:\/\/centre-sesames.ch\/contact\/"]}]},{"@type":"BreadcrumbList","@id":"https:\/\/centre-sesames.ch\/contact\/#breadcrumb","itemListElement":[{"@type":"ListItem","position":1,"name":"Accueil","item":"https:\/\/centre-sesames.ch\/"},{"@type":"ListItem","position":2,"name":"Contact"}]},{"@type":"WebSite","@id":"https:\/\/centre-sesames.ch\/#website","url":"https:\/\/centre-sesames.ch\/","name":"Centre S\u00e9sames","description":"","publisher":{"@id":"https:\/\/centre-sesames.ch\/#organization"},"potentialAction":[{"@type":"SearchAction","target":{"@type":"EntryPoint","urlTemplate":"https:\/\/centre-sesames.ch\/?s={search_term_string}"},"query-input":{"@type":"PropertyValueSpecification","valueRequired":true,"valueName":"search_term_string"}}],"inLanguage":"it-IT"},{"@type":"Organization","@id":"https:\/\/centre-sesames.ch\/#organization","name":"Centre S\u00e9sames","url":"https:\/\/centre-sesames.ch\/","logo":{"@type":"ImageObject","inLanguage":"it-IT","@id":"https:\/\/centre-sesames.ch\/#\/schema\/logo\/image\/","url":"https:\/\/centre-sesames.ch\/wp-content\/uploads\/2024\/02\/logo_sesame.png","contentUrl":"https:\/\/centre-sesames.ch\/wp-content\/uploads\/2024\/02\/logo_sesame.png","width":677,"height":581,"caption":"Centre S\u00e9sames"},"image":{"@id":"https:\/\/centre-sesames.ch\/#\/schema\/logo\/image\/"},"sameAs":["https:\/\/www.facebook.com\/CentreSesames","https:\/\/www.linkedin.com\/company\/centre-ssames\/"]}]}},"_links":{"self":[{"href":"https:\/\/centre-sesames.ch\/it\/wp-json\/wp\/v2\/pages\/23","targetHints":{"allow":["GET"]}}],"collection":[{"href":"https:\/\/centre-sesames.ch\/it\/wp-json\/wp\/v2\/pages"}],"about":[{"href":"https:\/\/centre-sesames.ch\/it\/wp-json\/wp\/v2\/types\/page"}],"author":[{"embeddable":true,"href":"https:\/\/centre-sesames.ch\/it\/wp-json\/wp\/v2\/users\/1"}],"replies":[{"embeddable":true,"href":"https:\/\/centre-sesames.ch\/it\/wp-json\/wp\/v2\/comments?post=23"}],"version-history":[{"count":31,"href":"https:\/\/centre-sesames.ch\/it\/wp-json\/wp\/v2\/pages\/23\/revisions"}],"predecessor-version":[{"id":2871,"href":"https:\/\/centre-sesames.ch\/it\/wp-json\/wp\/v2\/pages\/23\/revisions\/2871"}],"wp:attachment":[{"href":"https:\/\/centre-sesames.ch\/it\/wp-json\/wp\/v2\/media?parent=23"}],"curies":[{"name":"wp","href":"https:\/\/api.w.org\/{rel}","templated":true}]}}