{"id":21,"date":"2023-12-13T16:54:00","date_gmt":"2023-12-13T15:54:00","guid":{"rendered":"https:\/\/centre-sesames.ch\/?page_id=21"},"modified":"2025-04-16T12:02:32","modified_gmt":"2025-04-16T10:02:32","slug":"lequipe","status":"publish","type":"page","link":"https:\/\/centre-sesames.ch\/it\/lequipe\/","title":{"rendered":"L&rsquo;\u00e9quipe"},"content":{"rendered":"","protected":false},"excerpt":{"rendered":"","protected":false},"author":1,"featured_media":0,"parent":0,"menu_order":0,"comment_status":"closed","ping_status":"closed","template":"page-equipe.php","meta":{"_acf_changed":false,"footnotes":""},"class_list":["post-21","page","type-page","status-publish","hentry"],"acf":[],"yoast_head":"<!-- This site is optimized with the Yoast SEO plugin v27.5 - https:\/\/yoast.com\/product\/yoast-seo-wordpress\/ -->\n<title>Centre S\u00e9sames - L&#039;\u00e9quipe<\/title>\n<meta name=\"description\" content=\"Rencontrez l\u2019\u00e9quipe du Centre S\u00e9sames, experte en th\u00e9rapie br\u00e8ve et syst\u00e9mique, engag\u00e9e dans un accompagnement bienveillant selon l&#039;approche Palo Alto.\" \/>\n<meta name=\"robots\" content=\"index, follow, max-snippet:-1, max-image-preview:large, max-video-preview:-1\" \/>\n<link rel=\"canonical\" href=\"https:\/\/centre-sesames.ch\/it\/lequipe\/\" \/>\n<meta property=\"og:locale\" content=\"it_IT\" \/>\n<meta property=\"og:type\" content=\"article\" \/>\n<meta property=\"og:title\" content=\"Centre S\u00e9sames - L&#039;\u00e9quipe\" \/>\n<meta property=\"og:description\" content=\"Rencontrez l\u2019\u00e9quipe du Centre S\u00e9sames, experte en th\u00e9rapie br\u00e8ve et syst\u00e9mique, engag\u00e9e dans un accompagnement bienveillant selon l&#039;approche Palo Alto.\" \/>\n<meta property=\"og:url\" content=\"https:\/\/centre-sesames.ch\/it\/lequipe\/\" \/>\n<meta property=\"og:site_name\" content=\"Centre S\u00e9sames\" \/>\n<meta property=\"article:publisher\" content=\"https:\/\/www.facebook.com\/CentreSesames\" \/>\n<meta property=\"article:modified_time\" content=\"2025-04-16T10:02:32+00:00\" \/>\n<meta name=\"twitter:card\" content=\"summary_large_image\" \/>\n<script type=\"application\/ld+json\" class=\"yoast-schema-graph\">{\"@context\":\"https:\\\/\\\/schema.org\",\"@graph\":[{\"@type\":\"WebPage\",\"@id\":\"https:\\\/\\\/centre-sesames.ch\\\/lequipe\\\/\",\"url\":\"https:\\\/\\\/centre-sesames.ch\\\/lequipe\\\/\",\"name\":\"Centre S\u00e9sames - L'\u00e9quipe\",\"isPartOf\":{\"@id\":\"https:\\\/\\\/centre-sesames.ch\\\/#website\"},\"datePublished\":\"2023-12-13T15:54:00+00:00\",\"dateModified\":\"2025-04-16T10:02:32+00:00\",\"description\":\"Rencontrez l\u2019\u00e9quipe du Centre S\u00e9sames, experte en th\u00e9rapie br\u00e8ve et syst\u00e9mique, engag\u00e9e dans un accompagnement bienveillant selon l'approche Palo Alto.\",\"breadcrumb\":{\"@id\":\"https:\\\/\\\/centre-sesames.ch\\\/lequipe\\\/#breadcrumb\"},\"inLanguage\":\"it-IT\",\"potentialAction\":[{\"@type\":\"ReadAction\",\"target\":[\"https:\\\/\\\/centre-sesames.ch\\\/lequipe\\\/\"]}]},{\"@type\":\"BreadcrumbList\",\"@id\":\"https:\\\/\\\/centre-sesames.ch\\\/lequipe\\\/#breadcrumb\",\"itemListElement\":[{\"@type\":\"ListItem\",\"position\":1,\"name\":\"Accueil\",\"item\":\"https:\\\/\\\/centre-sesames.ch\\\/\"},{\"@type\":\"ListItem\",\"position\":2,\"name\":\"L&rsquo;\u00e9quipe\"}]},{\"@type\":\"WebSite\",\"@id\":\"https:\\\/\\\/centre-sesames.ch\\\/#website\",\"url\":\"https:\\\/\\\/centre-sesames.ch\\\/\",\"name\":\"Centre S\u00e9sames\",\"description\":\"\",\"publisher\":{\"@id\":\"https:\\\/\\\/centre-sesames.ch\\\/#organization\"},\"potentialAction\":[{\"@type\":\"SearchAction\",\"target\":{\"@type\":\"EntryPoint\",\"urlTemplate\":\"https:\\\/\\\/centre-sesames.ch\\\/?s={search_term_string}\"},\"query-input\":{\"@type\":\"PropertyValueSpecification\",\"valueRequired\":true,\"valueName\":\"search_term_string\"}}],\"inLanguage\":\"it-IT\"},{\"@type\":\"Organization\",\"@id\":\"https:\\\/\\\/centre-sesames.ch\\\/#organization\",\"name\":\"Centre S\u00e9sames\",\"url\":\"https:\\\/\\\/centre-sesames.ch\\\/\",\"logo\":{\"@type\":\"ImageObject\",\"inLanguage\":\"it-IT\",\"@id\":\"https:\\\/\\\/centre-sesames.ch\\\/#\\\/schema\\\/logo\\\/image\\\/\",\"url\":\"https:\\\/\\\/centre-sesames.ch\\\/wp-content\\\/uploads\\\/2024\\\/02\\\/logo_sesame.png\",\"contentUrl\":\"https:\\\/\\\/centre-sesames.ch\\\/wp-content\\\/uploads\\\/2024\\\/02\\\/logo_sesame.png\",\"width\":677,\"height\":581,\"caption\":\"Centre S\u00e9sames\"},\"image\":{\"@id\":\"https:\\\/\\\/centre-sesames.ch\\\/#\\\/schema\\\/logo\\\/image\\\/\"},\"sameAs\":[\"https:\\\/\\\/www.facebook.com\\\/CentreSesames\",\"https:\\\/\\\/www.linkedin.com\\\/company\\\/centre-ssames\\\/\"]}]}<\/script>\n<!-- \/ Yoast SEO plugin. -->","yoast_head_json":{"title":"Centre S\u00e9sames - L'\u00e9quipe","description":"Rencontrez l\u2019\u00e9quipe du Centre S\u00e9sames, experte en th\u00e9rapie br\u00e8ve et syst\u00e9mique, engag\u00e9e dans un accompagnement bienveillant selon l'approche Palo Alto.","robots":{"index":"index","follow":"follow","max-snippet":"max-snippet:-1","max-image-preview":"max-image-preview:large","max-video-preview":"max-video-preview:-1"},"canonical":"https:\/\/centre-sesames.ch\/it\/lequipe\/","og_locale":"it_IT","og_type":"article","og_title":"Centre S\u00e9sames - L'\u00e9quipe","og_description":"Rencontrez l\u2019\u00e9quipe du Centre S\u00e9sames, experte en th\u00e9rapie br\u00e8ve et syst\u00e9mique, engag\u00e9e dans un accompagnement bienveillant selon l'approche Palo Alto.","og_url":"https:\/\/centre-sesames.ch\/it\/lequipe\/","og_site_name":"Centre S\u00e9sames","article_publisher":"https:\/\/www.facebook.com\/CentreSesames","article_modified_time":"2025-04-16T10:02:32+00:00","twitter_card":"summary_large_image","schema":{"@context":"https:\/\/schema.org","@graph":[{"@type":"WebPage","@id":"https:\/\/centre-sesames.ch\/lequipe\/","url":"https:\/\/centre-sesames.ch\/lequipe\/","name":"Centre S\u00e9sames - L'\u00e9quipe","isPartOf":{"@id":"https:\/\/centre-sesames.ch\/#website"},"datePublished":"2023-12-13T15:54:00+00:00","dateModified":"2025-04-16T10:02:32+00:00","description":"Rencontrez l\u2019\u00e9quipe du Centre S\u00e9sames, experte en th\u00e9rapie br\u00e8ve et syst\u00e9mique, engag\u00e9e dans un accompagnement bienveillant selon l'approche Palo Alto.","breadcrumb":{"@id":"https:\/\/centre-sesames.ch\/lequipe\/#breadcrumb"},"inLanguage":"it-IT","potentialAction":[{"@type":"ReadAction","target":["https:\/\/centre-sesames.ch\/lequipe\/"]}]},{"@type":"BreadcrumbList","@id":"https:\/\/centre-sesames.ch\/lequipe\/#breadcrumb","itemListElement":[{"@type":"ListItem","position":1,"name":"Accueil","item":"https:\/\/centre-sesames.ch\/"},{"@type":"ListItem","position":2,"name":"L&rsquo;\u00e9quipe"}]},{"@type":"WebSite","@id":"https:\/\/centre-sesames.ch\/#website","url":"https:\/\/centre-sesames.ch\/","name":"Centre S\u00e9sames","description":"","publisher":{"@id":"https:\/\/centre-sesames.ch\/#organization"},"potentialAction":[{"@type":"SearchAction","target":{"@type":"EntryPoint","urlTemplate":"https:\/\/centre-sesames.ch\/?s={search_term_string}"},"query-input":{"@type":"PropertyValueSpecification","valueRequired":true,"valueName":"search_term_string"}}],"inLanguage":"it-IT"},{"@type":"Organization","@id":"https:\/\/centre-sesames.ch\/#organization","name":"Centre S\u00e9sames","url":"https:\/\/centre-sesames.ch\/","logo":{"@type":"ImageObject","inLanguage":"it-IT","@id":"https:\/\/centre-sesames.ch\/#\/schema\/logo\/image\/","url":"https:\/\/centre-sesames.ch\/wp-content\/uploads\/2024\/02\/logo_sesame.png","contentUrl":"https:\/\/centre-sesames.ch\/wp-content\/uploads\/2024\/02\/logo_sesame.png","width":677,"height":581,"caption":"Centre S\u00e9sames"},"image":{"@id":"https:\/\/centre-sesames.ch\/#\/schema\/logo\/image\/"},"sameAs":["https:\/\/www.facebook.com\/CentreSesames","https:\/\/www.linkedin.com\/company\/centre-ssames\/"]}]}},"_links":{"self":[{"href":"https:\/\/centre-sesames.ch\/it\/wp-json\/wp\/v2\/pages\/21","targetHints":{"allow":["GET"]}}],"collection":[{"href":"https:\/\/centre-sesames.ch\/it\/wp-json\/wp\/v2\/pages"}],"about":[{"href":"https:\/\/centre-sesames.ch\/it\/wp-json\/wp\/v2\/types\/page"}],"author":[{"embeddable":true,"href":"https:\/\/centre-sesames.ch\/it\/wp-json\/wp\/v2\/users\/1"}],"replies":[{"embeddable":true,"href":"https:\/\/centre-sesames.ch\/it\/wp-json\/wp\/v2\/comments?post=21"}],"version-history":[{"count":60,"href":"https:\/\/centre-sesames.ch\/it\/wp-json\/wp\/v2\/pages\/21\/revisions"}],"predecessor-version":[{"id":2618,"href":"https:\/\/centre-sesames.ch\/it\/wp-json\/wp\/v2\/pages\/21\/revisions\/2618"}],"wp:attachment":[{"href":"https:\/\/centre-sesames.ch\/it\/wp-json\/wp\/v2\/media?parent=21"}],"curies":[{"name":"wp","href":"https:\/\/api.w.org\/{rel}","templated":true}]}}