{"id":10,"date":"2023-12-13T16:53:18","date_gmt":"2023-12-13T15:53:18","guid":{"rendered":"https:\/\/centre-sesames.ch\/?page_id=10"},"modified":"2024-09-07T08:08:06","modified_gmt":"2024-09-07T06:08:06","slug":"therapeutes-agrees","status":"publish","type":"page","link":"https:\/\/centre-sesames.ch\/it\/therapeutes-agrees\/","title":{"rendered":"Terapeuti associati"},"content":{"rendered":"<p>Les personnes qui figurent dans cet annuaire sont agr\u00e9\u00e9es par le Centre S\u00e9sames en vertu d\u2019une formation rigoureuse et certifi\u00e9e de 3 ans, accomplie aupr\u00e8s du Centre S\u00e9sames et du Centre A180 Degr\u00e9s \/ Chagrin scolaire. Seules les personnes au b\u00e9n\u00e9fice de cette certification sont reconnues par le Centre S\u00e9sames comme pouvant effectuer des consultations th\u00e9rapeutiques selon le mod\u00e8le syst\u00e9mique et strat\u00e9gique.<\/p>\n\n\n\n<p>Les personnes qui figurent dans cet annuaire sont agr\u00e9\u00e9es par le Centre S\u00e9sames en vertu d\u2019une formation rigoureuse et certifi\u00e9e de 3 ans, accomplie aupr\u00e8s du Centre S\u00e9sames et du Centre A180 Degr\u00e9s \/ Chagrin scolaire. Seules les personnes au b\u00e9n\u00e9fice de cette certification sont reconnues par le Centre S\u00e9sames comme pouvant effectuer des consultations th\u00e9rapeutiques selon le mod\u00e8le syst\u00e9mique et strat\u00e9gique.<\/p>","protected":false},"excerpt":{"rendered":"<p>Les personnes qui figurent dans cet annuaire sont agr\u00e9\u00e9es par le Centre S\u00e9sames en vertu d\u2019une formation rigoureuse et certifi\u00e9e de 3 ans, accomplie aupr\u00e8s du Centre S\u00e9sames et du Centre A180 Degr\u00e9s \/ Chagrin scolaire. Seules les personnes au b\u00e9n\u00e9fice de cette certification sont reconnues par le Centre S\u00e9sames comme pouvant effectuer des consultations [&hellip;]<\/p>\n","protected":false},"author":1,"featured_media":0,"parent":0,"menu_order":0,"comment_status":"closed","ping_status":"closed","template":"page-therapeutes.php","meta":{"_acf_changed":false,"footnotes":""},"class_list":["post-10","page","type-page","status-publish","hentry"],"acf":[],"yoast_head":"<!-- This site is optimized with the Yoast SEO plugin v27.3 - https:\/\/yoast.com\/product\/yoast-seo-wordpress\/ -->\n<title>Th\u00e9rapeutes agr\u00e9\u00e9s - Centre S\u00e9sames<\/title>\n<meta name=\"robots\" content=\"index, follow, max-snippet:-1, max-image-preview:large, max-video-preview:-1\" \/>\n<link rel=\"canonical\" href=\"https:\/\/centre-sesames.ch\/it\/therapeutes-agrees\/\" \/>\n<meta property=\"og:locale\" content=\"it_IT\" \/>\n<meta property=\"og:type\" content=\"article\" \/>\n<meta property=\"og:title\" content=\"Th\u00e9rapeutes agr\u00e9\u00e9s - Centre S\u00e9sames\" \/>\n<meta property=\"og:description\" content=\"Les personnes qui figurent dans cet annuaire sont agr\u00e9\u00e9es par le Centre S\u00e9sames en vertu d\u2019une formation rigoureuse et certifi\u00e9e de 3 ans, accomplie aupr\u00e8s du Centre S\u00e9sames et du Centre A180 Degr\u00e9s \/ Chagrin scolaire. Seules les personnes au b\u00e9n\u00e9fice de cette certification sont reconnues par le Centre S\u00e9sames comme pouvant effectuer des consultations [&hellip;]\" \/>\n<meta property=\"og:url\" content=\"https:\/\/centre-sesames.ch\/it\/therapeutes-agrees\/\" \/>\n<meta property=\"og:site_name\" content=\"Centre S\u00e9sames\" \/>\n<meta property=\"article:publisher\" content=\"https:\/\/www.facebook.com\/CentreSesames\" \/>\n<meta property=\"article:modified_time\" content=\"2024-09-07T06:08:06+00:00\" \/>\n<meta name=\"twitter:card\" content=\"summary_large_image\" \/>\n<meta name=\"twitter:label1\" content=\"Tempo di lettura stimato\" \/>\n\t<meta name=\"twitter:data1\" content=\"1 minuto\" \/>\n<script type=\"application\/ld+json\" class=\"yoast-schema-graph\">{\"@context\":\"https:\\\/\\\/schema.org\",\"@graph\":[{\"@type\":\"WebPage\",\"@id\":\"https:\\\/\\\/centre-sesames.ch\\\/therapeutes-agrees\\\/\",\"url\":\"https:\\\/\\\/centre-sesames.ch\\\/therapeutes-agrees\\\/\",\"name\":\"Th\u00e9rapeutes agr\u00e9\u00e9s - Centre S\u00e9sames\",\"isPartOf\":{\"@id\":\"https:\\\/\\\/centre-sesames.ch\\\/#website\"},\"datePublished\":\"2023-12-13T15:53:18+00:00\",\"dateModified\":\"2024-09-07T06:08:06+00:00\",\"breadcrumb\":{\"@id\":\"https:\\\/\\\/centre-sesames.ch\\\/therapeutes-agrees\\\/#breadcrumb\"},\"inLanguage\":\"it-IT\",\"potentialAction\":[{\"@type\":\"ReadAction\",\"target\":[\"https:\\\/\\\/centre-sesames.ch\\\/therapeutes-agrees\\\/\"]}]},{\"@type\":\"BreadcrumbList\",\"@id\":\"https:\\\/\\\/centre-sesames.ch\\\/therapeutes-agrees\\\/#breadcrumb\",\"itemListElement\":[{\"@type\":\"ListItem\",\"position\":1,\"name\":\"Accueil\",\"item\":\"https:\\\/\\\/centre-sesames.ch\\\/\"},{\"@type\":\"ListItem\",\"position\":2,\"name\":\"Th\u00e9rapeutes agr\u00e9\u00e9s\"}]},{\"@type\":\"WebSite\",\"@id\":\"https:\\\/\\\/centre-sesames.ch\\\/#website\",\"url\":\"https:\\\/\\\/centre-sesames.ch\\\/\",\"name\":\"Centre S\u00e9sames\",\"description\":\"\",\"publisher\":{\"@id\":\"https:\\\/\\\/centre-sesames.ch\\\/#organization\"},\"potentialAction\":[{\"@type\":\"SearchAction\",\"target\":{\"@type\":\"EntryPoint\",\"urlTemplate\":\"https:\\\/\\\/centre-sesames.ch\\\/?s={search_term_string}\"},\"query-input\":{\"@type\":\"PropertyValueSpecification\",\"valueRequired\":true,\"valueName\":\"search_term_string\"}}],\"inLanguage\":\"it-IT\"},{\"@type\":\"Organization\",\"@id\":\"https:\\\/\\\/centre-sesames.ch\\\/#organization\",\"name\":\"Centre S\u00e9sames\",\"url\":\"https:\\\/\\\/centre-sesames.ch\\\/\",\"logo\":{\"@type\":\"ImageObject\",\"inLanguage\":\"it-IT\",\"@id\":\"https:\\\/\\\/centre-sesames.ch\\\/#\\\/schema\\\/logo\\\/image\\\/\",\"url\":\"https:\\\/\\\/centre-sesames.ch\\\/wp-content\\\/uploads\\\/2024\\\/02\\\/logo_sesame.png\",\"contentUrl\":\"https:\\\/\\\/centre-sesames.ch\\\/wp-content\\\/uploads\\\/2024\\\/02\\\/logo_sesame.png\",\"width\":677,\"height\":581,\"caption\":\"Centre S\u00e9sames\"},\"image\":{\"@id\":\"https:\\\/\\\/centre-sesames.ch\\\/#\\\/schema\\\/logo\\\/image\\\/\"},\"sameAs\":[\"https:\\\/\\\/www.facebook.com\\\/CentreSesames\",\"https:\\\/\\\/www.linkedin.com\\\/company\\\/centre-ssames\\\/\"]}]}<\/script>\n<!-- \/ Yoast SEO plugin. -->","yoast_head_json":{"title":"Th\u00e9rapeutes agr\u00e9\u00e9s - Centre S\u00e9sames","robots":{"index":"index","follow":"follow","max-snippet":"max-snippet:-1","max-image-preview":"max-image-preview:large","max-video-preview":"max-video-preview:-1"},"canonical":"https:\/\/centre-sesames.ch\/it\/therapeutes-agrees\/","og_locale":"it_IT","og_type":"article","og_title":"Th\u00e9rapeutes agr\u00e9\u00e9s - Centre S\u00e9sames","og_description":"Les personnes qui figurent dans cet annuaire sont agr\u00e9\u00e9es par le Centre S\u00e9sames en vertu d\u2019une formation rigoureuse et certifi\u00e9e de 3 ans, accomplie aupr\u00e8s du Centre S\u00e9sames et du Centre A180 Degr\u00e9s \/ Chagrin scolaire. Seules les personnes au b\u00e9n\u00e9fice de cette certification sont reconnues par le Centre S\u00e9sames comme pouvant effectuer des consultations [&hellip;]","og_url":"https:\/\/centre-sesames.ch\/it\/therapeutes-agrees\/","og_site_name":"Centre S\u00e9sames","article_publisher":"https:\/\/www.facebook.com\/CentreSesames","article_modified_time":"2024-09-07T06:08:06+00:00","twitter_card":"summary_large_image","twitter_misc":{"Tempo di lettura stimato":"1 minuto"},"schema":{"@context":"https:\/\/schema.org","@graph":[{"@type":"WebPage","@id":"https:\/\/centre-sesames.ch\/therapeutes-agrees\/","url":"https:\/\/centre-sesames.ch\/therapeutes-agrees\/","name":"Th\u00e9rapeutes agr\u00e9\u00e9s - Centre S\u00e9sames","isPartOf":{"@id":"https:\/\/centre-sesames.ch\/#website"},"datePublished":"2023-12-13T15:53:18+00:00","dateModified":"2024-09-07T06:08:06+00:00","breadcrumb":{"@id":"https:\/\/centre-sesames.ch\/therapeutes-agrees\/#breadcrumb"},"inLanguage":"it-IT","potentialAction":[{"@type":"ReadAction","target":["https:\/\/centre-sesames.ch\/therapeutes-agrees\/"]}]},{"@type":"BreadcrumbList","@id":"https:\/\/centre-sesames.ch\/therapeutes-agrees\/#breadcrumb","itemListElement":[{"@type":"ListItem","position":1,"name":"Accueil","item":"https:\/\/centre-sesames.ch\/"},{"@type":"ListItem","position":2,"name":"Th\u00e9rapeutes agr\u00e9\u00e9s"}]},{"@type":"WebSite","@id":"https:\/\/centre-sesames.ch\/#website","url":"https:\/\/centre-sesames.ch\/","name":"Centre S\u00e9sames","description":"","publisher":{"@id":"https:\/\/centre-sesames.ch\/#organization"},"potentialAction":[{"@type":"SearchAction","target":{"@type":"EntryPoint","urlTemplate":"https:\/\/centre-sesames.ch\/?s={search_term_string}"},"query-input":{"@type":"PropertyValueSpecification","valueRequired":true,"valueName":"search_term_string"}}],"inLanguage":"it-IT"},{"@type":"Organization","@id":"https:\/\/centre-sesames.ch\/#organization","name":"Centre S\u00e9sames","url":"https:\/\/centre-sesames.ch\/","logo":{"@type":"ImageObject","inLanguage":"it-IT","@id":"https:\/\/centre-sesames.ch\/#\/schema\/logo\/image\/","url":"https:\/\/centre-sesames.ch\/wp-content\/uploads\/2024\/02\/logo_sesame.png","contentUrl":"https:\/\/centre-sesames.ch\/wp-content\/uploads\/2024\/02\/logo_sesame.png","width":677,"height":581,"caption":"Centre S\u00e9sames"},"image":{"@id":"https:\/\/centre-sesames.ch\/#\/schema\/logo\/image\/"},"sameAs":["https:\/\/www.facebook.com\/CentreSesames","https:\/\/www.linkedin.com\/company\/centre-ssames\/"]}]}},"_links":{"self":[{"href":"https:\/\/centre-sesames.ch\/it\/wp-json\/wp\/v2\/pages\/10","targetHints":{"allow":["GET"]}}],"collection":[{"href":"https:\/\/centre-sesames.ch\/it\/wp-json\/wp\/v2\/pages"}],"about":[{"href":"https:\/\/centre-sesames.ch\/it\/wp-json\/wp\/v2\/types\/page"}],"author":[{"embeddable":true,"href":"https:\/\/centre-sesames.ch\/it\/wp-json\/wp\/v2\/users\/1"}],"replies":[{"embeddable":true,"href":"https:\/\/centre-sesames.ch\/it\/wp-json\/wp\/v2\/comments?post=10"}],"version-history":[{"count":7,"href":"https:\/\/centre-sesames.ch\/it\/wp-json\/wp\/v2\/pages\/10\/revisions"}],"predecessor-version":[{"id":1668,"href":"https:\/\/centre-sesames.ch\/it\/wp-json\/wp\/v2\/pages\/10\/revisions\/1668"}],"wp:attachment":[{"href":"https:\/\/centre-sesames.ch\/it\/wp-json\/wp\/v2\/media?parent=10"}],"curies":[{"name":"wp","href":"https:\/\/api.w.org\/{rel}","templated":true}]}}